{"id":3843,"date":"2026-03-10T20:14:55","date_gmt":"2026-03-11T01:14:55","guid":{"rendered":"https:\/\/wamyra.com\/?post_type=product&#038;p=3843"},"modified":"2026-03-10T20:14:56","modified_gmt":"2026-03-11T01:14:56","slug":"mini-makroudh-aux-amandes-mini-makroudh-with-almonds","status":"publish","type":"product","link":"https:\/\/wamyra.com\/en\/shop\/mini-makroudh-aux-amandes-mini-makroudh-with-almonds\/","title":{"rendered":"Mini Makroudh Aux Amandes \/ Mini Makroudh With Almonds"},"content":{"rendered":"<p data-start=\"166\" data-end=\"241\"><strong>Mini Makroudh Aux Amandes \u2013 P\u00e2tisserie traditionnelle tunisienne<\/strong><\/p>\n<p data-start=\"243\" data-end=\"638\">Savourez l\u2019authenticit\u00e9 du mini Makroudh aux Amandes, une p\u00e2tisserie tunisienne embl\u00e9matique, fabriqu\u00e9e artisanalement \u00e0 Kairouan. Pr\u00e9par\u00e9 avec soin, ce d\u00e9lice en losange est r\u00e9alis\u00e9 \u00e0 partir d\u2019une p\u00e2te fine et croustillante, qui enveloppe une farce g\u00e9n\u00e9reuse compos\u00e9e de dattes et d\u2019amandes broy\u00e9es, offrant un go\u00fbt naturellement sucr\u00e9 et une texture fondante unique.<\/p>\n<p data-start=\"640\" data-end=\"965\">Avec son\u00a0go\u00fbt naturellement sucr\u00e9\u00a0et sa\u00a0texture \u00e0 la fois croustillante et fondante, le Makroudh aux Dattes et Amandes transforme chaque pause gourmande en un v\u00e9ritable\u00a0moment de plaisir \u00e0 partager avec vous et votre famille, id\u00e9al autour d\u2019un\u00a0th\u00e9 ou d\u2019un caf\u00e9, ou \u00e0 offrir pour\u00a0\u00e9merveiller vos proches.<\/p>\n<p data-start=\"640\" data-end=\"965\"><img decoding=\"async\" class=\"alignnone wp-image-3734\" src=\"https:\/\/wamyra.com\/wp-content\/uploads\/2026\/02\/Gemini_Generated_Image_k152x8k152x8k152__1_-removebg-preview-1-460x251.png\" sizes=\"(max-width: 157px) 100vw, 157px\" srcset=\"https:\/\/wamyra.com\/wp-content\/uploads\/2026\/02\/Gemini_Generated_Image_k152x8k152x8k152__1_-removebg-preview-1-460x251.png 460w, https:\/\/wamyra.com\/wp-content\/uploads\/2026\/02\/Gemini_Generated_Image_k152x8k152x8k152__1_-removebg-preview-1-18x10.png 18w, https:\/\/wamyra.com\/wp-content\/uploads\/2026\/02\/Gemini_Generated_Image_k152x8k152x8k152__1_-removebg-preview-1-231x126.png 231w, https:\/\/wamyra.com\/wp-content\/uploads\/2026\/02\/Gemini_Generated_Image_k152x8k152x8k152__1_-removebg-preview-1.png 677w\" alt=\"\" width=\"157\" height=\"86\" \/><img decoding=\"async\" class=\"alignnone wp-image-3734\" src=\"https:\/\/wamyra.com\/wp-content\/uploads\/2026\/02\/Gemini_Generated_Image_k152x8k152x8k152__1_-removebg-preview-1-460x251.png\" sizes=\"(max-width: 157px) 100vw, 157px\" srcset=\"https:\/\/wamyra.com\/wp-content\/uploads\/2026\/02\/Gemini_Generated_Image_k152x8k152x8k152__1_-removebg-preview-1-460x251.png 460w, https:\/\/wamyra.com\/wp-content\/uploads\/2026\/02\/Gemini_Generated_Image_k152x8k152x8k152__1_-removebg-preview-1-18x10.png 18w, https:\/\/wamyra.com\/wp-content\/uploads\/2026\/02\/Gemini_Generated_Image_k152x8k152x8k152__1_-removebg-preview-1-231x126.png 231w, https:\/\/wamyra.com\/wp-content\/uploads\/2026\/02\/Gemini_Generated_Image_k152x8k152x8k152__1_-removebg-preview-1.png 677w\" alt=\"\" width=\"157\" height=\"86\" \/><\/p>\n<p data-start=\"972\" data-end=\"1038\"><strong>Mini Makroudh With Almonds &#8211; Traditional Tunisian Pastry<\/strong><\/p>\n<p data-start=\"1040\" data-end=\"1382\">Experience the authenticity of\u00a0Makroudh with almonds, an iconic Tunisian pastry,\u00a0traditionally handmade in Kairouan. This diamond-shaped treat is made from a\u00a0thin, crispy dough\u00a0that encloses a\u00a0generous filling of dates and crushed almonds, delivering a naturally sweet flavor and a unique melt-in-the-mouth texture.<\/p>\n<p data-start=\"1384\" data-end=\"1655\">With its\u00a0naturally sweet flavor\u00a0and\u00a0crispy yet melt-in-the-mouth texture, Makroudh aux Dattes et Amandes turns every bite into a delightful moment to enjoy with\u00a0you and your family, perfect with\u00a0tea or coffee, or to gift and\u00a0delight your loved ones.<\/p>","protected":false},"excerpt":{"rendered":"<h6><span style=\"color: #008000;\"><strong>Fourr\u00e9 aux amandes.<\/strong><\/span><\/h6>\n<h6><span style=\"color: #008000;\"><strong>Filled with almonds.<\/strong><\/span><\/h6>","protected":false},"featured_media":3846,"comment_status":"open","ping_status":"closed","template":"","meta":[],"product_brand":[],"product_cat":[174],"product_tag":[],"class_list":{"0":"post-3843","1":"product","2":"type-product","3":"status-publish","4":"has-post-thumbnail","6":"product_cat-saveurs-du-grand-maghreb","8":"first","9":"instock","10":"shipping-taxable","11":"purchasable","12":"product-type-variable"},"_links":{"self":[{"href":"https:\/\/wamyra.com\/en\/wp-json\/wp\/v2\/product\/3843","targetHints":{"allow":["GET"]}}],"collection":[{"href":"https:\/\/wamyra.com\/en\/wp-json\/wp\/v2\/product"}],"about":[{"href":"https:\/\/wamyra.com\/en\/wp-json\/wp\/v2\/types\/product"}],"replies":[{"embeddable":true,"href":"https:\/\/wamyra.com\/en\/wp-json\/wp\/v2\/comments?post=3843"}],"wp:featuredmedia":[{"embeddable":true,"href":"https:\/\/wamyra.com\/en\/wp-json\/wp\/v2\/media\/3846"}],"wp:attachment":[{"href":"https:\/\/wamyra.com\/en\/wp-json\/wp\/v2\/media?parent=3843"}],"wp:term":[{"taxonomy":"product_brand","embeddable":true,"href":"https:\/\/wamyra.com\/en\/wp-json\/wp\/v2\/product_brand?post=3843"},{"taxonomy":"product_cat","embeddable":true,"href":"https:\/\/wamyra.com\/en\/wp-json\/wp\/v2\/product_cat?post=3843"},{"taxonomy":"product_tag","embeddable":true,"href":"https:\/\/wamyra.com\/en\/wp-json\/wp\/v2\/product_tag?post=3843"}],"curies":[{"name":"wp","href":"https:\/\/api.w.org\/{rel}","templated":true}]}}