{"id":3588,"date":"2026-02-22T20:28:10","date_gmt":"2026-02-23T01:28:10","guid":{"rendered":"https:\/\/wamyra.com\/shop\/kaak-warka\/"},"modified":"2026-03-08T20:28:29","modified_gmt":"2026-03-09T01:28:29","slug":"kaak-warka","status":"publish","type":"product","link":"https:\/\/wamyra.com\/en\/shop\/kaak-warka\/","title":{"rendered":"Kaak Warka"},"content":{"rendered":"<p data-start=\"113\" data-end=\"178\"><strong data-start=\"113\" data-end=\"178\">Kaak Warka de Zaghouan \u2013 P\u00e2tisserie traditionnelle tunisienne<\/strong><\/p>\n<p data-start=\"180\" data-end=\"655\">Savourez l\u2019authenticit\u00e9 du <strong data-start=\"207\" data-end=\"233\">Kaak Warka de Zaghouan<\/strong>, une p\u00e2tisserie tunisienne raffin\u00e9e et embl\u00e9matique. Pr\u00e9par\u00e9 artisanalement dans la r\u00e9gion de <strong data-start=\"328\" data-end=\"340\">Zaghouan<\/strong>, ce biscuit en forme d\u2019anneau est r\u00e9alis\u00e9 \u00e0 partir d\u2019une <strong data-start=\"398\" data-end=\"429\">p\u00e2te warka fine et d\u00e9licate<\/strong>, pr\u00e9par\u00e9e avec de la <strong data-start=\"451\" data-end=\"514\">farine, du beurre et du smen (beurre clarifi\u00e9 traditionnel)<\/strong>, qui enveloppe une <strong data-start=\"534\" data-end=\"592\">farce g\u00e9n\u00e9reuse d\u2019amandes finement moulues et de sucre<\/strong>, d\u00e9licatement parfum\u00e9e \u00e0 l\u2019<strong data-start=\"620\" data-end=\"654\">eau de nesri (eau d&rsquo;Eglantier).<\/strong><\/p>\n<p data-start=\"180\" data-end=\"655\">Gr\u00e2ce \u00e0 son <strong data-start=\"669\" data-end=\"698\">go\u00fbt riche et authentique<\/strong> et \u00e0 sa <strong data-start=\"707\" data-end=\"735\">texture fine et fondante<\/strong>, le Kaak Warka est une douceur id\u00e9ale pour accompagner un <strong data-start=\"794\" data-end=\"812\">th\u00e9 ou un caf\u00e9<\/strong>, et parfait pour les <strong data-start=\"834\" data-end=\"884\">r\u00e9ceptions, les f\u00eates ou les cadeaux gourmands<\/strong>.<\/p>\n<p data-start=\"0\" data-end=\"58\"><img decoding=\"async\" class=\"alignnone wp-image-3734\" src=\"https:\/\/wamyra.com\/wp-content\/uploads\/2026\/02\/Gemini_Generated_Image_k152x8k152x8k152__1_-removebg-preview-1-460x251.png\" alt=\"\" width=\"157\" height=\"86\" srcset=\"https:\/\/wamyra.com\/wp-content\/uploads\/2026\/02\/Gemini_Generated_Image_k152x8k152x8k152__1_-removebg-preview-1-460x251.png 460w, https:\/\/wamyra.com\/wp-content\/uploads\/2026\/02\/Gemini_Generated_Image_k152x8k152x8k152__1_-removebg-preview-1-18x10.png 18w, https:\/\/wamyra.com\/wp-content\/uploads\/2026\/02\/Gemini_Generated_Image_k152x8k152x8k152__1_-removebg-preview-1-231x126.png 231w, https:\/\/wamyra.com\/wp-content\/uploads\/2026\/02\/Gemini_Generated_Image_k152x8k152x8k152__1_-removebg-preview-1.png 677w\" sizes=\"(max-width: 157px) 100vw, 157px\" \/><img decoding=\"async\" class=\"alignnone wp-image-3734\" src=\"https:\/\/wamyra.com\/wp-content\/uploads\/2026\/02\/Gemini_Generated_Image_k152x8k152x8k152__1_-removebg-preview-1-460x251.png\" alt=\"\" width=\"157\" height=\"86\" srcset=\"https:\/\/wamyra.com\/wp-content\/uploads\/2026\/02\/Gemini_Generated_Image_k152x8k152x8k152__1_-removebg-preview-1-460x251.png 460w, https:\/\/wamyra.com\/wp-content\/uploads\/2026\/02\/Gemini_Generated_Image_k152x8k152x8k152__1_-removebg-preview-1-18x10.png 18w, https:\/\/wamyra.com\/wp-content\/uploads\/2026\/02\/Gemini_Generated_Image_k152x8k152x8k152__1_-removebg-preview-1-231x126.png 231w, https:\/\/wamyra.com\/wp-content\/uploads\/2026\/02\/Gemini_Generated_Image_k152x8k152x8k152__1_-removebg-preview-1.png 677w\" sizes=\"(max-width: 157px) 100vw, 157px\" \/><\/p>\n<p data-start=\"0\" data-end=\"58\"><strong data-start=\"0\" data-end=\"58\">Kaak Warka from Zaghouan \u2013 Traditional Tunisian Pastry<\/strong><\/p>\n<p data-start=\"60\" data-end=\"491\">Enjoy the authentic taste of <strong data-start=\"89\" data-end=\"117\">Kaak Warka from Zaghouan<\/strong>, a refined and iconic Tunisian pastry. Traditionally handmade in the <strong data-start=\"187\" data-end=\"206\">Zaghouan region<\/strong>, this ring-shaped biscuit is made from a <strong data-start=\"248\" data-end=\"282\">thin and delicate warka pastry<\/strong>, prepared with <strong data-start=\"298\" data-end=\"356\">flour, butter, and smen (traditional clarified butter)<\/strong>, which encloses a <strong data-start=\"375\" data-end=\"430\">generous filling of finely ground almonds and sugar<\/strong>, delicately flavored with <strong data-start=\"457\" data-end=\"490\">Nesri water (wild rose water)<\/strong>.<\/p>\n<p data-start=\"493\" data-end=\"719\" data-is-last-node=\"\" data-is-only-node=\"\">Thanks to its <strong data-start=\"507\" data-end=\"533\">rich, authentic flavor<\/strong> and its <strong data-start=\"542\" data-end=\"577\">fine, melt-in-the-mouth texture<\/strong>, Kaak Warka is a perfect treat to enjoy with <strong data-start=\"623\" data-end=\"640\">tea or coffee<\/strong>, and an excellent choice for <strong data-start=\"670\" data-end=\"716\">receptions, celebrations, or gourmet gifts<\/strong>.<\/p>","protected":false},"excerpt":{"rendered":"<h6><span style=\"color: #008000;\"><strong>Aux amandes, beurre, smen et l\u2019eau de Nesri.<\/strong><\/span><\/h6>\n<h6><span style=\"color: #008000;\"><strong>With almonds, butter, smen, and Nesri water.<\/strong><\/span><\/h6>","protected":false},"featured_media":3435,"comment_status":"open","ping_status":"closed","template":"","meta":[],"product_brand":[],"product_cat":[174],"product_tag":[],"class_list":{"0":"post-3588","1":"product","2":"type-product","3":"status-publish","4":"has-post-thumbnail","6":"product_cat-saveurs-du-grand-maghreb","8":"first","9":"instock","10":"shipping-taxable","11":"purchasable","12":"product-type-variable"},"_links":{"self":[{"href":"https:\/\/wamyra.com\/en\/wp-json\/wp\/v2\/product\/3588","targetHints":{"allow":["GET"]}}],"collection":[{"href":"https:\/\/wamyra.com\/en\/wp-json\/wp\/v2\/product"}],"about":[{"href":"https:\/\/wamyra.com\/en\/wp-json\/wp\/v2\/types\/product"}],"replies":[{"embeddable":true,"href":"https:\/\/wamyra.com\/en\/wp-json\/wp\/v2\/comments?post=3588"}],"wp:featuredmedia":[{"embeddable":true,"href":"https:\/\/wamyra.com\/en\/wp-json\/wp\/v2\/media\/3435"}],"wp:attachment":[{"href":"https:\/\/wamyra.com\/en\/wp-json\/wp\/v2\/media?parent=3588"}],"wp:term":[{"taxonomy":"product_brand","embeddable":true,"href":"https:\/\/wamyra.com\/en\/wp-json\/wp\/v2\/product_brand?post=3588"},{"taxonomy":"product_cat","embeddable":true,"href":"https:\/\/wamyra.com\/en\/wp-json\/wp\/v2\/product_cat?post=3588"},{"taxonomy":"product_tag","embeddable":true,"href":"https:\/\/wamyra.com\/en\/wp-json\/wp\/v2\/product_tag?post=3588"}],"curies":[{"name":"wp","href":"https:\/\/api.w.org\/{rel}","templated":true}]}}