{"id":3564,"date":"2026-02-22T20:07:55","date_gmt":"2026-02-23T01:07:55","guid":{"rendered":"https:\/\/wamyra.com\/shop\/makroudh-royal-kairouannais\/"},"modified":"2026-03-08T20:38:26","modified_gmt":"2026-03-09T01:38:26","slug":"makroudh-royal-kairouannais","status":"publish","type":"product","link":"https:\/\/wamyra.com\/en\/shop\/makroudh-royal-kairouannais\/","title":{"rendered":"Makroudh Royal"},"content":{"rendered":"<p data-start=\"105\" data-end=\"164\"><strong data-start=\"105\" data-end=\"162\">Makroudh Royal \u2013 P\u00e2tisserie traditionnelle tunisienne<\/strong><\/p>\n<p data-start=\"166\" data-end=\"589\">Savourez l\u2019\u00e9l\u00e9gance du <strong data-start=\"189\" data-end=\"207\">Makroudh Royal<\/strong>, une p\u00e2tisserie tunisienne raffin\u00e9e et embl\u00e9matique, <strong data-start=\"261\" data-end=\"300\">fabriqu\u00e9e artisanalement \u00e0 Kairouan<\/strong>. Pr\u00e9par\u00e9 avec soin, ce d\u00e9lice en <strong data-start=\"334\" data-end=\"345\">losange<\/strong> est r\u00e9alis\u00e9 \u00e0 partir d\u2019une <strong data-start=\"373\" data-end=\"403\">p\u00e2te fine et croustillante<\/strong>, qui enveloppe une <strong data-start=\"423\" data-end=\"533\">farce g\u00e9n\u00e9reuse compos\u00e9e de pistaches, d\u2019amandes blanches broy\u00e9es, de noisettes et de vermicelles<\/strong>, offrant un m\u00e9lange unique de saveurs et de textures.<\/p>\n<p data-start=\"591\" data-end=\"827\">Gr\u00e2ce \u00e0 son go\u00fbt riche et authentique et \u00e0 sa texture <strong data-start=\"645\" data-end=\"684\">croustillante et fondante \u00e0 la fois<\/strong>, le Makroudh Royal est id\u00e9al pour accompagner un <strong data-start=\"734\" data-end=\"752\">th\u00e9 ou un caf\u00e9<\/strong>, et parfait pour les <strong data-start=\"774\" data-end=\"824\">r\u00e9ceptions, les f\u00eates ou les cadeaux gourmands<\/strong>.<\/p>\n<p data-start=\"554\" data-end=\"790\"><img decoding=\"async\" class=\"alignnone wp-image-3734\" src=\"https:\/\/wamyra.com\/wp-content\/uploads\/2026\/02\/Gemini_Generated_Image_k152x8k152x8k152__1_-removebg-preview-1-460x251.png\" alt=\"\" width=\"157\" height=\"86\" srcset=\"https:\/\/wamyra.com\/wp-content\/uploads\/2026\/02\/Gemini_Generated_Image_k152x8k152x8k152__1_-removebg-preview-1-460x251.png 460w, https:\/\/wamyra.com\/wp-content\/uploads\/2026\/02\/Gemini_Generated_Image_k152x8k152x8k152__1_-removebg-preview-1-18x10.png 18w, https:\/\/wamyra.com\/wp-content\/uploads\/2026\/02\/Gemini_Generated_Image_k152x8k152x8k152__1_-removebg-preview-1-231x126.png 231w, https:\/\/wamyra.com\/wp-content\/uploads\/2026\/02\/Gemini_Generated_Image_k152x8k152x8k152__1_-removebg-preview-1.png 677w\" sizes=\"(max-width: 157px) 100vw, 157px\" \/><img decoding=\"async\" class=\"alignnone wp-image-3734\" src=\"https:\/\/wamyra.com\/wp-content\/uploads\/2026\/02\/Gemini_Generated_Image_k152x8k152x8k152__1_-removebg-preview-1-460x251.png\" alt=\"\" width=\"157\" height=\"86\" srcset=\"https:\/\/wamyra.com\/wp-content\/uploads\/2026\/02\/Gemini_Generated_Image_k152x8k152x8k152__1_-removebg-preview-1-460x251.png 460w, https:\/\/wamyra.com\/wp-content\/uploads\/2026\/02\/Gemini_Generated_Image_k152x8k152x8k152__1_-removebg-preview-1-18x10.png 18w, https:\/\/wamyra.com\/wp-content\/uploads\/2026\/02\/Gemini_Generated_Image_k152x8k152x8k152__1_-removebg-preview-1-231x126.png 231w, https:\/\/wamyra.com\/wp-content\/uploads\/2026\/02\/Gemini_Generated_Image_k152x8k152x8k152__1_-removebg-preview-1.png 677w\" sizes=\"(max-width: 157px) 100vw, 157px\" \/><\/p>\n<p data-start=\"834\" data-end=\"884\"><strong data-start=\"834\" data-end=\"882\">Makroudh Royal \u2013 Traditional Tunisian Pastry<\/strong><\/p>\n<p data-start=\"886\" data-end=\"1236\">Experience the elegance of <strong data-start=\"913\" data-end=\"931\">Makroudh Royal<\/strong>, a refined and iconic Tunisian pastry, <strong data-start=\"971\" data-end=\"1009\">traditionally handmade in Kairouan<\/strong>. This diamond-shaped treat is made from a <strong data-start=\"1052\" data-end=\"1074\">thin, crispy dough<\/strong> that encloses a <strong data-start=\"1091\" data-end=\"1184\">generous filling of pistachios, crushed white almonds, hazelnuts, and vermicelli<\/strong>, creating a unique blend of flavors and textures.<\/p>\n<p data-start=\"1238\" data-end=\"1446\">With its <strong data-start=\"1247\" data-end=\"1272\">rich, authentic taste<\/strong> and <strong data-start=\"1277\" data-end=\"1317\">crispy yet melt-in-the-mouth texture<\/strong>, Makroudh Royal is perfect with <strong data-start=\"1350\" data-end=\"1367\">tea or coffee<\/strong>, and an excellent choice for <strong data-start=\"1397\" data-end=\"1443\">receptions, celebrations, or gourmet gifts<\/strong>.<\/p>","protected":false},"excerpt":{"rendered":"<h6><span style=\"color: #339966;\"><strong>Aux pistaches, amandes blanches, noisettes et vermicelles.<\/strong><\/span><\/h6>\n<h6><span style=\"color: #339966;\"><strong>With pistachios, white almonds, hazelnuts, and vermicelli.<\/strong><\/span><\/h6>","protected":false},"featured_media":3792,"comment_status":"open","ping_status":"closed","template":"","meta":[],"product_brand":[],"product_cat":[174],"product_tag":[],"class_list":{"0":"post-3564","1":"product","2":"type-product","3":"status-publish","4":"has-post-thumbnail","6":"product_cat-saveurs-du-grand-maghreb","8":"first","9":"instock","10":"shipping-taxable","11":"purchasable","12":"product-type-variable"},"_links":{"self":[{"href":"https:\/\/wamyra.com\/en\/wp-json\/wp\/v2\/product\/3564","targetHints":{"allow":["GET"]}}],"collection":[{"href":"https:\/\/wamyra.com\/en\/wp-json\/wp\/v2\/product"}],"about":[{"href":"https:\/\/wamyra.com\/en\/wp-json\/wp\/v2\/types\/product"}],"replies":[{"embeddable":true,"href":"https:\/\/wamyra.com\/en\/wp-json\/wp\/v2\/comments?post=3564"}],"wp:featuredmedia":[{"embeddable":true,"href":"https:\/\/wamyra.com\/en\/wp-json\/wp\/v2\/media\/3792"}],"wp:attachment":[{"href":"https:\/\/wamyra.com\/en\/wp-json\/wp\/v2\/media?parent=3564"}],"wp:term":[{"taxonomy":"product_brand","embeddable":true,"href":"https:\/\/wamyra.com\/en\/wp-json\/wp\/v2\/product_brand?post=3564"},{"taxonomy":"product_cat","embeddable":true,"href":"https:\/\/wamyra.com\/en\/wp-json\/wp\/v2\/product_cat?post=3564"},{"taxonomy":"product_tag","embeddable":true,"href":"https:\/\/wamyra.com\/en\/wp-json\/wp\/v2\/product_tag?post=3564"}],"curies":[{"name":"wp","href":"https:\/\/api.w.org\/{rel}","templated":true}]}}