{"id":3561,"date":"2026-02-22T20:05:02","date_gmt":"2026-02-23T01:05:02","guid":{"rendered":"https:\/\/wamyra.com\/shop\/samsa-tunisienne-aux-fruits-secs\/"},"modified":"2026-03-08T20:38:38","modified_gmt":"2026-03-09T01:38:38","slug":"samsa-tunisienne-aux-fruits-secs","status":"publish","type":"product","link":"https:\/\/wamyra.com\/en\/shop\/samsa-tunisienne-aux-fruits-secs\/","title":{"rendered":"Samsa aux fruits secs"},"content":{"rendered":"<p data-start=\"152\" data-end=\"475\">D\u00e9couvrez la Samsa aux fruits secs, une p\u00e2tisserie tunisienne authentique et raffin\u00e9e. Pr\u00e9par\u00e9e artisanalement, cette douceur est compos\u00e9e d\u2019une p\u00e2te fine et croustillante qui enveloppe un m\u00e9lange g\u00e9n\u00e9reux d\u2019amandes, de noisettes et de graines de s\u00e9same, d\u00e9licatement sucr\u00e9 pour pr\u00e9server le go\u00fbt naturel des fruits secs.<\/p>\n<p data-start=\"477\" data-end=\"726\">Gr\u00e2ce \u00e0 son go\u00fbt riche et savoureux et \u00e0 sa texture croustillante et fondante \u00e0 la fois, la Samsa aux fruits secs transforme chaque bouch\u00e9e en un moment gourmand \u00e0 partager lors des f\u00eates, des soir\u00e9es ou pour offrir un cadeau gourmand inoubliable.<\/p>\n<p data-start=\"477\" data-end=\"726\"><img decoding=\"async\" class=\"alignnone wp-image-3734\" src=\"https:\/\/wamyra.com\/wp-content\/uploads\/2026\/02\/Gemini_Generated_Image_k152x8k152x8k152__1_-removebg-preview-1-460x251.png\" alt=\"\" width=\"157\" height=\"86\" srcset=\"https:\/\/wamyra.com\/wp-content\/uploads\/2026\/02\/Gemini_Generated_Image_k152x8k152x8k152__1_-removebg-preview-1-460x251.png 460w, https:\/\/wamyra.com\/wp-content\/uploads\/2026\/02\/Gemini_Generated_Image_k152x8k152x8k152__1_-removebg-preview-1-18x10.png 18w, https:\/\/wamyra.com\/wp-content\/uploads\/2026\/02\/Gemini_Generated_Image_k152x8k152x8k152__1_-removebg-preview-1-231x126.png 231w, https:\/\/wamyra.com\/wp-content\/uploads\/2026\/02\/Gemini_Generated_Image_k152x8k152x8k152__1_-removebg-preview-1.png 677w\" sizes=\"(max-width: 157px) 100vw, 157px\" \/><img decoding=\"async\" class=\"alignnone wp-image-3734\" src=\"https:\/\/wamyra.com\/wp-content\/uploads\/2026\/02\/Gemini_Generated_Image_k152x8k152x8k152__1_-removebg-preview-1-460x251.png\" alt=\"\" width=\"157\" height=\"86\" srcset=\"https:\/\/wamyra.com\/wp-content\/uploads\/2026\/02\/Gemini_Generated_Image_k152x8k152x8k152__1_-removebg-preview-1-460x251.png 460w, https:\/\/wamyra.com\/wp-content\/uploads\/2026\/02\/Gemini_Generated_Image_k152x8k152x8k152__1_-removebg-preview-1-18x10.png 18w, https:\/\/wamyra.com\/wp-content\/uploads\/2026\/02\/Gemini_Generated_Image_k152x8k152x8k152__1_-removebg-preview-1-231x126.png 231w, https:\/\/wamyra.com\/wp-content\/uploads\/2026\/02\/Gemini_Generated_Image_k152x8k152x8k152__1_-removebg-preview-1.png 677w\" sizes=\"(max-width: 157px) 100vw, 157px\" \/><\/p>\n<p data-start=\"733\" data-end=\"790\"><strong data-start=\"733\" data-end=\"788\">Samsa with Mixed Nuts \u2013 Traditional Tunisian Pastry<\/strong><\/p>\n<p data-start=\"792\" data-end=\"1065\">Discover Samsa with mixed nuts, an authentic and refined Tunisian pastry. Traditionally handmade, this treat features a thin, crispy pastry encasing a generous filling of almonds, hazelnuts, and sesame seeds, lightly sweetened to highlight the natural flavor of the nuts.<\/p>\n<p data-start=\"1067\" data-end=\"1288\">With its rich, flavorful taste and perfectly crisp yet melt-in-the-mouth texture, Samsa with mixed nuts turns every bite into a delightful moment, ideal for celebrations, gatherings, or as an unforgettable gourmet gift.<\/p>","protected":false},"excerpt":{"rendered":"<h6><span style=\"color: #008000;\"><strong>Garnie d\u2019un m\u00e9lange g\u00e9n\u00e9reux d\u2019amandes, noisettes et s\u00e9same.<\/strong><\/span><\/h6>\n<h6><span style=\"color: #008000;\"><strong>Filled with a generous blend of almonds, hazelnuts, and sesame.<\/strong><\/span><\/h6>","protected":false},"featured_media":3796,"comment_status":"open","ping_status":"closed","template":"","meta":[],"product_brand":[],"product_cat":[174],"product_tag":[],"class_list":{"0":"post-3561","1":"product","2":"type-product","3":"status-publish","4":"has-post-thumbnail","6":"product_cat-saveurs-du-grand-maghreb","8":"first","9":"instock","10":"shipping-taxable","11":"purchasable","12":"product-type-variable"},"_links":{"self":[{"href":"https:\/\/wamyra.com\/en\/wp-json\/wp\/v2\/product\/3561","targetHints":{"allow":["GET"]}}],"collection":[{"href":"https:\/\/wamyra.com\/en\/wp-json\/wp\/v2\/product"}],"about":[{"href":"https:\/\/wamyra.com\/en\/wp-json\/wp\/v2\/types\/product"}],"replies":[{"embeddable":true,"href":"https:\/\/wamyra.com\/en\/wp-json\/wp\/v2\/comments?post=3561"}],"wp:featuredmedia":[{"embeddable":true,"href":"https:\/\/wamyra.com\/en\/wp-json\/wp\/v2\/media\/3796"}],"wp:attachment":[{"href":"https:\/\/wamyra.com\/en\/wp-json\/wp\/v2\/media?parent=3561"}],"wp:term":[{"taxonomy":"product_brand","embeddable":true,"href":"https:\/\/wamyra.com\/en\/wp-json\/wp\/v2\/product_brand?post=3561"},{"taxonomy":"product_cat","embeddable":true,"href":"https:\/\/wamyra.com\/en\/wp-json\/wp\/v2\/product_cat?post=3561"},{"taxonomy":"product_tag","embeddable":true,"href":"https:\/\/wamyra.com\/en\/wp-json\/wp\/v2\/product_tag?post=3561"}],"curies":[{"name":"wp","href":"https:\/\/api.w.org\/{rel}","templated":true}]}}