{"id":3558,"date":"2026-02-22T20:03:35","date_gmt":"2026-02-23T01:03:35","guid":{"rendered":"https:\/\/wamyra.com\/shop\/makroudh-original-kairouannais\/"},"modified":"2026-03-08T20:39:11","modified_gmt":"2026-03-09T01:39:11","slug":"makroudh-original-kairouannais","status":"publish","type":"product","link":"https:\/\/wamyra.com\/en\/shop\/makroudh-original-kairouannais\/","title":{"rendered":"Makroudh original"},"content":{"rendered":"<p data-start=\"126\" data-end=\"188\"><strong data-start=\"126\" data-end=\"186\">Makroudh Original \u2013 P\u00e2tisserie traditionnelle tunisienne<\/strong><\/p>\n<p data-start=\"190\" data-end=\"551\">Savourez l\u2019authenticit\u00e9 du <strong data-start=\"217\" data-end=\"238\">Makroudh Original<\/strong>, une p\u00e2tisserie tunisienne embl\u00e9matique, <strong data-start=\"280\" data-end=\"319\">fabriqu\u00e9e artisanalement \u00e0 Kairouan<\/strong>. Pr\u00e9par\u00e9 avec soin, ce d\u00e9lice en <strong data-start=\"353\" data-end=\"364\">losange<\/strong> est r\u00e9alis\u00e9 \u00e0 partir d\u2019une <strong data-start=\"392\" data-end=\"422\">p\u00e2te fine et croustillante<\/strong>, qui enveloppe une <strong data-start=\"442\" data-end=\"480\">farce g\u00e9n\u00e9reuse compos\u00e9e de dattes<\/strong>, offrant un go\u00fbt naturellement sucr\u00e9 et une texture fondante unique.<\/p>\n<p data-start=\"553\" data-end=\"838\">Avec son <strong data-start=\"562\" data-end=\"590\">go\u00fbt naturellement sucr\u00e9<\/strong> et sa <strong data-start=\"597\" data-end=\"644\">texture \u00e0 la fois croustillante et fondante<\/strong>, le Makroudh Original transforme chaque pause gourmande en un v\u00e9ritable <strong data-start=\"717\" data-end=\"738\">moment de plaisir<\/strong>, id\u00e9al \u00e0 partager autour d\u2019un <strong data-start=\"769\" data-end=\"789\">th\u00e9 ou d\u2019un caf\u00e9<\/strong>, ou \u00e0 offrir pour <strong data-start=\"808\" data-end=\"835\">\u00e9merveiller vos invit\u00e9s<\/strong>.<\/p>\n<p data-start=\"553\" data-end=\"838\"><img decoding=\"async\" class=\"alignnone wp-image-3734\" src=\"https:\/\/wamyra.com\/wp-content\/uploads\/2026\/02\/Gemini_Generated_Image_k152x8k152x8k152__1_-removebg-preview-1-460x251.png\" alt=\"\" width=\"157\" height=\"86\" srcset=\"https:\/\/wamyra.com\/wp-content\/uploads\/2026\/02\/Gemini_Generated_Image_k152x8k152x8k152__1_-removebg-preview-1-460x251.png 460w, https:\/\/wamyra.com\/wp-content\/uploads\/2026\/02\/Gemini_Generated_Image_k152x8k152x8k152__1_-removebg-preview-1-18x10.png 18w, https:\/\/wamyra.com\/wp-content\/uploads\/2026\/02\/Gemini_Generated_Image_k152x8k152x8k152__1_-removebg-preview-1-231x126.png 231w, https:\/\/wamyra.com\/wp-content\/uploads\/2026\/02\/Gemini_Generated_Image_k152x8k152x8k152__1_-removebg-preview-1.png 677w\" sizes=\"(max-width: 157px) 100vw, 157px\" \/><img decoding=\"async\" class=\"alignnone wp-image-3734\" src=\"https:\/\/wamyra.com\/wp-content\/uploads\/2026\/02\/Gemini_Generated_Image_k152x8k152x8k152__1_-removebg-preview-1-460x251.png\" alt=\"\" width=\"157\" height=\"86\" srcset=\"https:\/\/wamyra.com\/wp-content\/uploads\/2026\/02\/Gemini_Generated_Image_k152x8k152x8k152__1_-removebg-preview-1-460x251.png 460w, https:\/\/wamyra.com\/wp-content\/uploads\/2026\/02\/Gemini_Generated_Image_k152x8k152x8k152__1_-removebg-preview-1-18x10.png 18w, https:\/\/wamyra.com\/wp-content\/uploads\/2026\/02\/Gemini_Generated_Image_k152x8k152x8k152__1_-removebg-preview-1-231x126.png 231w, https:\/\/wamyra.com\/wp-content\/uploads\/2026\/02\/Gemini_Generated_Image_k152x8k152x8k152__1_-removebg-preview-1.png 677w\" sizes=\"(max-width: 157px) 100vw, 157px\" \/><\/p>\n<p data-start=\"845\" data-end=\"898\"><strong data-start=\"845\" data-end=\"896\">Makroudh Original \u2013 Traditional Tunisian Pastry<\/strong><\/p>\n<p data-start=\"900\" data-end=\"1209\">Experience the authenticity of <strong data-start=\"931\" data-end=\"952\">Makroudh Original<\/strong>, an iconic Tunisian pastry, <strong data-start=\"981\" data-end=\"1019\">traditionally handmade in Kairouan<\/strong>. This diamond-shaped treat is made from a <strong data-start=\"1062\" data-end=\"1084\">thin, crispy dough<\/strong> that encloses a <strong data-start=\"1101\" data-end=\"1130\">generous filling of dates<\/strong>, delivering a naturally sweet flavor and a unique melt-in-the-mouth texture.<\/p>\n<p data-start=\"1211\" data-end=\"1446\">With its <strong data-start=\"1220\" data-end=\"1246\">naturally sweet flavor<\/strong> and <strong data-start=\"1251\" data-end=\"1301\">perfectly crispy-yet-melt-in-the-mouth texture<\/strong>, Makroudh Original turns every bite into a delightful moment, perfect to enjoy with <strong data-start=\"1386\" data-end=\"1403\">tea or coffee<\/strong>, or to gift and <strong data-start=\"1420\" data-end=\"1443\">impress your guests<\/strong>.<\/p>","protected":false},"excerpt":{"rendered":"<h6><span style=\"color: #008000;\"><strong>Fourr\u00e9 aux dattes.<\/strong><\/span><\/h6>\n<h6><span style=\"color: #008000;\"><strong>Filled with dates.<\/strong><\/span><\/h6>","protected":false},"featured_media":3797,"comment_status":"open","ping_status":"closed","template":"","meta":[],"product_brand":[],"product_cat":[174],"product_tag":[],"class_list":{"0":"post-3558","1":"product","2":"type-product","3":"status-publish","4":"has-post-thumbnail","6":"product_cat-saveurs-du-grand-maghreb","8":"first","9":"instock","10":"shipping-taxable","11":"purchasable","12":"product-type-variable"},"_links":{"self":[{"href":"https:\/\/wamyra.com\/en\/wp-json\/wp\/v2\/product\/3558","targetHints":{"allow":["GET"]}}],"collection":[{"href":"https:\/\/wamyra.com\/en\/wp-json\/wp\/v2\/product"}],"about":[{"href":"https:\/\/wamyra.com\/en\/wp-json\/wp\/v2\/types\/product"}],"replies":[{"embeddable":true,"href":"https:\/\/wamyra.com\/en\/wp-json\/wp\/v2\/comments?post=3558"}],"wp:featuredmedia":[{"embeddable":true,"href":"https:\/\/wamyra.com\/en\/wp-json\/wp\/v2\/media\/3797"}],"wp:attachment":[{"href":"https:\/\/wamyra.com\/en\/wp-json\/wp\/v2\/media?parent=3558"}],"wp:term":[{"taxonomy":"product_brand","embeddable":true,"href":"https:\/\/wamyra.com\/en\/wp-json\/wp\/v2\/product_brand?post=3558"},{"taxonomy":"product_cat","embeddable":true,"href":"https:\/\/wamyra.com\/en\/wp-json\/wp\/v2\/product_cat?post=3558"},{"taxonomy":"product_tag","embeddable":true,"href":"https:\/\/wamyra.com\/en\/wp-json\/wp\/v2\/product_tag?post=3558"}],"curies":[{"name":"wp","href":"https:\/\/api.w.org\/{rel}","templated":true}]}}