{"id":3555,"date":"2026-02-22T20:01:59","date_gmt":"2026-02-23T01:01:59","guid":{"rendered":"https:\/\/wamyra.com\/shop\/makroudh-kairouannais-au-sesame\/"},"modified":"2026-03-08T20:40:20","modified_gmt":"2026-03-09T01:40:20","slug":"makroudh-kairouannais-au-sesame","status":"publish","type":"product","link":"https:\/\/wamyra.com\/en\/shop\/makroudh-kairouannais-au-sesame\/","title":{"rendered":"Makroudh au s\u00e9same"},"content":{"rendered":"<p data-start=\"107\" data-end=\"171\"><strong data-start=\"107\" data-end=\"169\">Makroudh aux S\u00e9same \u2013 P\u00e2tisserie traditionnelle tunisienne<\/strong><\/p>\n<p data-start=\"173\" data-end=\"606\">Savourez l\u2019authenticit\u00e9 du <strong data-start=\"200\" data-end=\"223\">Makroudh aux S\u00e9same<\/strong>, une p\u00e2tisserie tunisienne embl\u00e9matique, <strong data-start=\"265\" data-end=\"304\">fabriqu\u00e9e artisanalement \u00e0 Kairouan<\/strong>. Pr\u00e9par\u00e9 avec soin, ce d\u00e9lice en <strong data-start=\"338\" data-end=\"349\">losange<\/strong> est r\u00e9alis\u00e9 \u00e0 partir d\u2019une <strong data-start=\"377\" data-end=\"407\">p\u00e2te fine et croustillante<\/strong>, qui enveloppe une <strong data-start=\"427\" data-end=\"489\">farce g\u00e9n\u00e9reuse compos\u00e9e de dattes et de graines de s\u00e9same<\/strong>, offrant un go\u00fbt naturellement sucr\u00e9 et une texture fondante unique, avec un d\u00e9licieux <strong data-start=\"577\" data-end=\"603\">ar\u00f4me de s\u00e9same grill\u00e9<\/strong>.<\/p>\n<p data-start=\"608\" data-end=\"865\">Gr\u00e2ce \u00e0 son <strong data-start=\"620\" data-end=\"648\">go\u00fbt naturellement sucr\u00e9<\/strong> et \u00e0 ses <strong data-start=\"658\" data-end=\"694\">notes d\u00e9licates de s\u00e9same grill\u00e9<\/strong>, le Makroudh aux S\u00e9same offre une <strong data-start=\"729\" data-end=\"760\">exp\u00e9rience gourmande unique<\/strong>, parfaite \u00e0 d\u00e9guster avec un <strong data-start=\"790\" data-end=\"808\">th\u00e9 ou un caf\u00e9<\/strong>, ou \u00e0 offrir pour <strong data-start=\"827\" data-end=\"862\">surprendre et ravir vos invit\u00e9s<\/strong>.<\/p>\n<p data-start=\"608\" data-end=\"865\"><img decoding=\"async\" class=\"alignnone wp-image-3734\" src=\"https:\/\/wamyra.com\/wp-content\/uploads\/2026\/02\/Gemini_Generated_Image_k152x8k152x8k152__1_-removebg-preview-1-460x251.png\" alt=\"\" width=\"157\" height=\"86\" srcset=\"https:\/\/wamyra.com\/wp-content\/uploads\/2026\/02\/Gemini_Generated_Image_k152x8k152x8k152__1_-removebg-preview-1-460x251.png 460w, https:\/\/wamyra.com\/wp-content\/uploads\/2026\/02\/Gemini_Generated_Image_k152x8k152x8k152__1_-removebg-preview-1-18x10.png 18w, https:\/\/wamyra.com\/wp-content\/uploads\/2026\/02\/Gemini_Generated_Image_k152x8k152x8k152__1_-removebg-preview-1-231x126.png 231w, https:\/\/wamyra.com\/wp-content\/uploads\/2026\/02\/Gemini_Generated_Image_k152x8k152x8k152__1_-removebg-preview-1.png 677w\" sizes=\"(max-width: 157px) 100vw, 157px\" \/><img decoding=\"async\" class=\"alignnone wp-image-3734\" src=\"https:\/\/wamyra.com\/wp-content\/uploads\/2026\/02\/Gemini_Generated_Image_k152x8k152x8k152__1_-removebg-preview-1-460x251.png\" alt=\"\" width=\"157\" height=\"86\" srcset=\"https:\/\/wamyra.com\/wp-content\/uploads\/2026\/02\/Gemini_Generated_Image_k152x8k152x8k152__1_-removebg-preview-1-460x251.png 460w, https:\/\/wamyra.com\/wp-content\/uploads\/2026\/02\/Gemini_Generated_Image_k152x8k152x8k152__1_-removebg-preview-1-18x10.png 18w, https:\/\/wamyra.com\/wp-content\/uploads\/2026\/02\/Gemini_Generated_Image_k152x8k152x8k152__1_-removebg-preview-1-231x126.png 231w, https:\/\/wamyra.com\/wp-content\/uploads\/2026\/02\/Gemini_Generated_Image_k152x8k152x8k152__1_-removebg-preview-1.png 677w\" sizes=\"(max-width: 157px) 100vw, 157px\" \/><\/p>\n<p data-start=\"913\" data-end=\"968\"><strong data-start=\"913\" data-end=\"966\">Makroudh aux S\u00e9same \u2013 Traditional Tunisian Pastry<\/strong><\/p>\n<p data-start=\"970\" data-end=\"1340\">Experience the authenticity of <strong data-start=\"1001\" data-end=\"1024\">Makroudh aux S\u00e9same<\/strong>, an iconic Tunisian pastry, <strong data-start=\"1053\" data-end=\"1091\">traditionally handmade in Kairouan<\/strong>. This diamond-shaped treat is made from a <strong data-start=\"1134\" data-end=\"1156\">thin, crispy dough<\/strong> that encloses a <strong data-start=\"1173\" data-end=\"1219\">generous filling of dates and sesame seeds<\/strong>, delivering a naturally sweet flavor and a unique melt-in-the-mouth texture with a delicious <strong data-start=\"1313\" data-end=\"1337\">toasted sesame aroma<\/strong>.<\/p>\n<p data-start=\"1342\" data-end=\"1564\">With its <strong data-start=\"1351\" data-end=\"1377\">naturally sweet flavor<\/strong> and <strong data-start=\"1382\" data-end=\"1418\">delicate hints of toasted sesame<\/strong>, Makroudh aux S\u00e9same delivers a <strong data-start=\"1451\" data-end=\"1480\">unique gourmet experience<\/strong>, perfect to enjoy with <strong data-start=\"1504\" data-end=\"1521\">tea or coffee<\/strong>, or to gift and <strong data-start=\"1538\" data-end=\"1561\">delight your guests<\/strong>.<\/p>","protected":false},"excerpt":{"rendered":"<h6><span style=\"color: #008000;\"><strong>Fourr\u00e9 aux dattes et s\u00e9same.<\/strong><\/span><\/h6>\n<h6><span style=\"color: #008000;\"><strong>Filled with dates and sesame.<\/strong><\/span><\/h6>","protected":false},"featured_media":3798,"comment_status":"open","ping_status":"closed","template":"","meta":[],"product_brand":[],"product_cat":[174],"product_tag":[],"class_list":{"0":"post-3555","1":"product","2":"type-product","3":"status-publish","4":"has-post-thumbnail","6":"product_cat-saveurs-du-grand-maghreb","8":"first","9":"instock","10":"shipping-taxable","11":"purchasable","12":"product-type-variable"},"_links":{"self":[{"href":"https:\/\/wamyra.com\/en\/wp-json\/wp\/v2\/product\/3555","targetHints":{"allow":["GET"]}}],"collection":[{"href":"https:\/\/wamyra.com\/en\/wp-json\/wp\/v2\/product"}],"about":[{"href":"https:\/\/wamyra.com\/en\/wp-json\/wp\/v2\/types\/product"}],"replies":[{"embeddable":true,"href":"https:\/\/wamyra.com\/en\/wp-json\/wp\/v2\/comments?post=3555"}],"wp:featuredmedia":[{"embeddable":true,"href":"https:\/\/wamyra.com\/en\/wp-json\/wp\/v2\/media\/3798"}],"wp:attachment":[{"href":"https:\/\/wamyra.com\/en\/wp-json\/wp\/v2\/media?parent=3555"}],"wp:term":[{"taxonomy":"product_brand","embeddable":true,"href":"https:\/\/wamyra.com\/en\/wp-json\/wp\/v2\/product_brand?post=3555"},{"taxonomy":"product_cat","embeddable":true,"href":"https:\/\/wamyra.com\/en\/wp-json\/wp\/v2\/product_cat?post=3555"},{"taxonomy":"product_tag","embeddable":true,"href":"https:\/\/wamyra.com\/en\/wp-json\/wp\/v2\/product_tag?post=3555"}],"curies":[{"name":"wp","href":"https:\/\/api.w.org\/{rel}","templated":true}]}}