{"id":3552,"date":"2026-02-22T20:00:18","date_gmt":"2026-02-23T01:00:18","guid":{"rendered":"https:\/\/wamyra.com\/shop\/makroudh-traditionnel-kairouannais-a-lhuile-dolive\/"},"modified":"2026-03-08T20:41:05","modified_gmt":"2026-03-09T01:41:05","slug":"makroudh-traditionnel-kairouannais-a-lhuile-dolive","status":"publish","type":"product","link":"https:\/\/wamyra.com\/en\/shop\/makroudh-traditionnel-kairouannais-a-lhuile-dolive\/","title":{"rendered":"Makroudh \u00e0 l&rsquo;huile d&rsquo;olive \/ Makroudh in Olive Oil"},"content":{"rendered":"<p data-start=\"148\" data-end=\"219\"><strong data-start=\"148\" data-end=\"217\">Makroudh \u00e0 l\u2019huile d\u2019olive \u2013 P\u00e2tisserie traditionnelle tunisienne<\/strong><\/p>\n<p data-start=\"221\" data-end=\"740\">Savourez l\u2019authenticit\u00e9 du <strong data-start=\"248\" data-end=\"278\">Makroudh \u00e0 l\u2019huile d\u2019olive<\/strong>, une p\u00e2tisserie tunisienne embl\u00e9matique, <strong data-start=\"320\" data-end=\"359\">fabriqu\u00e9e artisanalement \u00e0 Kairouan<\/strong>. Pr\u00e9par\u00e9 avec soin, ce d\u00e9lice en <strong data-start=\"393\" data-end=\"404\">losange<\/strong> est r\u00e9alis\u00e9 \u00e0 partir d\u2019une <strong data-start=\"432\" data-end=\"462\">p\u00e2te fine et croustillante<\/strong>, qui enveloppe une <strong data-start=\"482\" data-end=\"520\">farce g\u00e9n\u00e9reuse compos\u00e9e de dattes<\/strong>, offrant un go\u00fbt naturellement sucr\u00e9 et une texture fondante unique. <strong data-start=\"590\" data-end=\"647\">Chaque pi\u00e8ce est ensuite plong\u00e9e dans l\u2019huile d\u2019olive<\/strong>, lui donnant une <strong data-start=\"665\" data-end=\"693\">saveur riche et parfum\u00e9e<\/strong> ainsi qu\u2019une <strong data-start=\"707\" data-end=\"737\">croustillance incomparable<\/strong>.<\/p>\n<p data-start=\"742\" data-end=\"1058\">Avec son <strong data-start=\"751\" data-end=\"779\">go\u00fbt naturellement sucr\u00e9<\/strong> et sa <strong data-start=\"786\" data-end=\"833\">texture \u00e0 la fois croustillante et fondante<\/strong>, le Makroudh \u00e0 l\u2019huile d\u2019olive transforme chaque pause gourmande en un v\u00e9ritable <strong data-start=\"915\" data-end=\"974\">moment de plaisir \u00e0 partager avec vous et votre famille<\/strong>, id\u00e9al autour d\u2019un <strong data-start=\"994\" data-end=\"1014\">th\u00e9 ou d\u2019un caf\u00e9<\/strong>, ou pour offrir et <strong data-start=\"1034\" data-end=\"1055\">ravir vos proches<\/strong>.<\/p>\n<p data-start=\"742\" data-end=\"1058\"><img decoding=\"async\" class=\"alignnone wp-image-3734\" src=\"https:\/\/wamyra.com\/wp-content\/uploads\/2026\/02\/Gemini_Generated_Image_k152x8k152x8k152__1_-removebg-preview-1-460x251.png\" alt=\"\" width=\"157\" height=\"86\" srcset=\"https:\/\/wamyra.com\/wp-content\/uploads\/2026\/02\/Gemini_Generated_Image_k152x8k152x8k152__1_-removebg-preview-1-460x251.png 460w, https:\/\/wamyra.com\/wp-content\/uploads\/2026\/02\/Gemini_Generated_Image_k152x8k152x8k152__1_-removebg-preview-1-18x10.png 18w, https:\/\/wamyra.com\/wp-content\/uploads\/2026\/02\/Gemini_Generated_Image_k152x8k152x8k152__1_-removebg-preview-1-231x126.png 231w, https:\/\/wamyra.com\/wp-content\/uploads\/2026\/02\/Gemini_Generated_Image_k152x8k152x8k152__1_-removebg-preview-1.png 677w\" sizes=\"(max-width: 157px) 100vw, 157px\" \/><img decoding=\"async\" class=\"alignnone wp-image-3734\" src=\"https:\/\/wamyra.com\/wp-content\/uploads\/2026\/02\/Gemini_Generated_Image_k152x8k152x8k152__1_-removebg-preview-1-460x251.png\" alt=\"\" width=\"157\" height=\"86\" srcset=\"https:\/\/wamyra.com\/wp-content\/uploads\/2026\/02\/Gemini_Generated_Image_k152x8k152x8k152__1_-removebg-preview-1-460x251.png 460w, https:\/\/wamyra.com\/wp-content\/uploads\/2026\/02\/Gemini_Generated_Image_k152x8k152x8k152__1_-removebg-preview-1-18x10.png 18w, https:\/\/wamyra.com\/wp-content\/uploads\/2026\/02\/Gemini_Generated_Image_k152x8k152x8k152__1_-removebg-preview-1-231x126.png 231w, https:\/\/wamyra.com\/wp-content\/uploads\/2026\/02\/Gemini_Generated_Image_k152x8k152x8k152__1_-removebg-preview-1.png 677w\" sizes=\"(max-width: 157px) 100vw, 157px\" \/><\/p>\n<p data-start=\"93\" data-end=\"150\"><strong data-start=\"93\" data-end=\"148\">Makroudh in Olive Oil \u2013 Traditional Tunisian Pastry<\/strong><\/p>\n<p data-start=\"152\" data-end=\"576\">Experience the authenticity of <strong data-start=\"183\" data-end=\"208\">Makroudh in Olive Oil<\/strong>, an iconic Tunisian pastry, <strong data-start=\"237\" data-end=\"275\">traditionally handmade in Kairouan<\/strong>. This diamond-shaped treat is made from a <strong data-start=\"318\" data-end=\"340\">thin, crispy dough<\/strong> that encloses a <strong data-start=\"357\" data-end=\"386\">generous filling of dates<\/strong>, delivering a naturally sweet flavor and a unique melt-in-the-mouth texture. <strong data-start=\"464\" data-end=\"506\">Each piece is then dipped in olive oil<\/strong>, giving it a <strong data-start=\"520\" data-end=\"544\">rich, aromatic taste<\/strong> and <strong data-start=\"549\" data-end=\"573\">unmatched crispiness<\/strong>.<\/p>\n<p data-start=\"578\" data-end=\"840\">With its <strong data-start=\"587\" data-end=\"613\">naturally sweet flavor<\/strong> and <strong data-start=\"618\" data-end=\"658\">crispy yet melt-in-the-mouth texture<\/strong>, Makroudh in Olive Oil turns every bite into a delightful moment to enjoy with <strong data-start=\"738\" data-end=\"761\">you and your family<\/strong>, perfect with <strong data-start=\"776\" data-end=\"793\">tea or coffee<\/strong>, or to gift and <strong data-start=\"810\" data-end=\"837\">delight your loved ones<\/strong>.<\/p>","protected":false},"excerpt":{"rendered":"<h6><span style=\"color: #008000;\"><strong>Fourr\u00e9 aux dattes et plong\u00e9 dans l\u2019huile d\u2019olive.<\/strong><\/span><\/h6>\n<h6><span style=\"color: #008000;\"><strong>Filled with dates and dipped in olive oil.<\/strong><\/span><\/h6>","protected":false},"featured_media":3803,"comment_status":"open","ping_status":"closed","template":"","meta":[],"product_brand":[],"product_cat":[174],"product_tag":[],"class_list":{"0":"post-3552","1":"product","2":"type-product","3":"status-publish","4":"has-post-thumbnail","6":"product_cat-saveurs-du-grand-maghreb","8":"first","9":"instock","10":"shipping-taxable","11":"purchasable","12":"product-type-variable"},"_links":{"self":[{"href":"https:\/\/wamyra.com\/en\/wp-json\/wp\/v2\/product\/3552","targetHints":{"allow":["GET"]}}],"collection":[{"href":"https:\/\/wamyra.com\/en\/wp-json\/wp\/v2\/product"}],"about":[{"href":"https:\/\/wamyra.com\/en\/wp-json\/wp\/v2\/types\/product"}],"replies":[{"embeddable":true,"href":"https:\/\/wamyra.com\/en\/wp-json\/wp\/v2\/comments?post=3552"}],"wp:featuredmedia":[{"embeddable":true,"href":"https:\/\/wamyra.com\/en\/wp-json\/wp\/v2\/media\/3803"}],"wp:attachment":[{"href":"https:\/\/wamyra.com\/en\/wp-json\/wp\/v2\/media?parent=3552"}],"wp:term":[{"taxonomy":"product_brand","embeddable":true,"href":"https:\/\/wamyra.com\/en\/wp-json\/wp\/v2\/product_brand?post=3552"},{"taxonomy":"product_cat","embeddable":true,"href":"https:\/\/wamyra.com\/en\/wp-json\/wp\/v2\/product_cat?post=3552"},{"taxonomy":"product_tag","embeddable":true,"href":"https:\/\/wamyra.com\/en\/wp-json\/wp\/v2\/product_tag?post=3552"}],"curies":[{"name":"wp","href":"https:\/\/api.w.org\/{rel}","templated":true}]}}