{"id":3549,"date":"2026-02-22T19:57:45","date_gmt":"2026-02-23T00:57:45","guid":{"rendered":"https:\/\/wamyra.com\/shop\/makroudh-au-amandes-kairouannais\/"},"modified":"2026-03-08T20:43:05","modified_gmt":"2026-03-09T01:43:05","slug":"makroudh-au-amandes-kairouannais","status":"publish","type":"product","link":"https:\/\/wamyra.com\/en\/shop\/makroudh-au-amandes-kairouannais\/","title":{"rendered":"Makroudh au amandes \/ with almonds"},"content":{"rendered":"<p data-start=\"166\" data-end=\"241\"><strong data-start=\"166\" data-end=\"239\">Makroudh aux Amandes \u2013 P\u00e2tisserie traditionnelle tunisienne<\/strong><\/p>\n<p data-start=\"243\" data-end=\"638\">Savourez l\u2019authenticit\u00e9 du <strong data-start=\"270\" data-end=\"304\">Makroudh aux Amandes<\/strong>, une p\u00e2tisserie tunisienne embl\u00e9matique, <strong data-start=\"346\" data-end=\"385\">fabriqu\u00e9e artisanalement \u00e0 Kairouan<\/strong>. Pr\u00e9par\u00e9 avec soin, ce d\u00e9lice en <strong data-start=\"419\" data-end=\"430\">losange<\/strong> est r\u00e9alis\u00e9 \u00e0 partir d\u2019une <strong data-start=\"458\" data-end=\"488\">p\u00e2te fine et croustillante<\/strong>, qui enveloppe une <strong data-start=\"508\" data-end=\"567\">farce g\u00e9n\u00e9reuse compos\u00e9e de dattes et d\u2019amandes broy\u00e9es<\/strong>, offrant un go\u00fbt naturellement sucr\u00e9 et une texture fondante unique.<\/p>\n<p data-start=\"640\" data-end=\"965\">Avec son <strong data-start=\"649\" data-end=\"677\">go\u00fbt naturellement sucr\u00e9<\/strong> et sa <strong data-start=\"684\" data-end=\"731\">texture \u00e0 la fois croustillante et fondante<\/strong>, le Makroudh aux Dattes et Amandes transforme chaque pause gourmande en un v\u00e9ritable <strong data-start=\"817\" data-end=\"876\">moment de plaisir \u00e0 partager avec vous et votre famille<\/strong>, id\u00e9al autour d\u2019un <strong data-start=\"896\" data-end=\"916\">th\u00e9 ou d\u2019un caf\u00e9<\/strong>, ou \u00e0 offrir pour <strong data-start=\"935\" data-end=\"962\">\u00e9merveiller vos proches<\/strong>.<\/p>\n<p data-start=\"640\" data-end=\"965\"><img decoding=\"async\" class=\"alignnone wp-image-3734\" src=\"https:\/\/wamyra.com\/wp-content\/uploads\/2026\/02\/Gemini_Generated_Image_k152x8k152x8k152__1_-removebg-preview-1-460x251.png\" alt=\"\" width=\"157\" height=\"86\" srcset=\"https:\/\/wamyra.com\/wp-content\/uploads\/2026\/02\/Gemini_Generated_Image_k152x8k152x8k152__1_-removebg-preview-1-460x251.png 460w, https:\/\/wamyra.com\/wp-content\/uploads\/2026\/02\/Gemini_Generated_Image_k152x8k152x8k152__1_-removebg-preview-1-18x10.png 18w, https:\/\/wamyra.com\/wp-content\/uploads\/2026\/02\/Gemini_Generated_Image_k152x8k152x8k152__1_-removebg-preview-1-231x126.png 231w, https:\/\/wamyra.com\/wp-content\/uploads\/2026\/02\/Gemini_Generated_Image_k152x8k152x8k152__1_-removebg-preview-1.png 677w\" sizes=\"(max-width: 157px) 100vw, 157px\" \/><img decoding=\"async\" class=\"alignnone wp-image-3734\" src=\"https:\/\/wamyra.com\/wp-content\/uploads\/2026\/02\/Gemini_Generated_Image_k152x8k152x8k152__1_-removebg-preview-1-460x251.png\" alt=\"\" width=\"157\" height=\"86\" srcset=\"https:\/\/wamyra.com\/wp-content\/uploads\/2026\/02\/Gemini_Generated_Image_k152x8k152x8k152__1_-removebg-preview-1-460x251.png 460w, https:\/\/wamyra.com\/wp-content\/uploads\/2026\/02\/Gemini_Generated_Image_k152x8k152x8k152__1_-removebg-preview-1-18x10.png 18w, https:\/\/wamyra.com\/wp-content\/uploads\/2026\/02\/Gemini_Generated_Image_k152x8k152x8k152__1_-removebg-preview-1-231x126.png 231w, https:\/\/wamyra.com\/wp-content\/uploads\/2026\/02\/Gemini_Generated_Image_k152x8k152x8k152__1_-removebg-preview-1.png 677w\" sizes=\"(max-width: 157px) 100vw, 157px\" \/><\/p>\n<p data-start=\"972\" data-end=\"1038\"><strong data-start=\"972\" data-end=\"1036\">Makroudh with almonds \u2013 Traditional Tunisian Pastry<\/strong><\/p>\n<p data-start=\"1040\" data-end=\"1382\">Experience the authenticity of <strong data-start=\"1071\" data-end=\"1105\">Makroudh with almonds<\/strong>, an iconic Tunisian pastry, <strong data-start=\"1134\" data-end=\"1172\">traditionally handmade in Kairouan<\/strong>. This diamond-shaped treat is made from a <strong data-start=\"1215\" data-end=\"1237\">thin, crispy dough<\/strong> that encloses a <strong data-start=\"1254\" data-end=\"1303\">generous filling of dates and crushed almonds<\/strong>, delivering a naturally sweet flavor and a unique melt-in-the-mouth texture.<\/p>\n<p data-start=\"1384\" data-end=\"1655\">With its <strong data-start=\"1393\" data-end=\"1419\">naturally sweet flavor<\/strong> and <strong data-start=\"1424\" data-end=\"1464\">crispy yet melt-in-the-mouth texture<\/strong>, Makroudh aux Dattes et Amandes turns every bite into a delightful moment to enjoy with <strong data-start=\"1553\" data-end=\"1576\">you and your family<\/strong>, perfect with <strong data-start=\"1591\" data-end=\"1608\">tea or coffee<\/strong>, or to gift and <strong data-start=\"1625\" data-end=\"1652\">delight your loved ones<\/strong>.<\/p>","protected":false},"excerpt":{"rendered":"<h6><span style=\"color: #008000;\"><strong>Fourr\u00e9 aux amandes.<\/strong><\/span><\/h6>\n<h6><span style=\"color: #008000;\"><strong>Filled with almonds.<\/strong><\/span><\/h6>","protected":false},"featured_media":3806,"comment_status":"open","ping_status":"closed","template":"","meta":[],"product_brand":[],"product_cat":[174],"product_tag":[],"class_list":{"0":"post-3549","1":"product","2":"type-product","3":"status-publish","4":"has-post-thumbnail","6":"product_cat-saveurs-du-grand-maghreb","8":"first","9":"instock","10":"shipping-taxable","11":"purchasable","12":"product-type-variable"},"_links":{"self":[{"href":"https:\/\/wamyra.com\/en\/wp-json\/wp\/v2\/product\/3549","targetHints":{"allow":["GET"]}}],"collection":[{"href":"https:\/\/wamyra.com\/en\/wp-json\/wp\/v2\/product"}],"about":[{"href":"https:\/\/wamyra.com\/en\/wp-json\/wp\/v2\/types\/product"}],"replies":[{"embeddable":true,"href":"https:\/\/wamyra.com\/en\/wp-json\/wp\/v2\/comments?post=3549"}],"wp:featuredmedia":[{"embeddable":true,"href":"https:\/\/wamyra.com\/en\/wp-json\/wp\/v2\/media\/3806"}],"wp:attachment":[{"href":"https:\/\/wamyra.com\/en\/wp-json\/wp\/v2\/media?parent=3549"}],"wp:term":[{"taxonomy":"product_brand","embeddable":true,"href":"https:\/\/wamyra.com\/en\/wp-json\/wp\/v2\/product_brand?post=3549"},{"taxonomy":"product_cat","embeddable":true,"href":"https:\/\/wamyra.com\/en\/wp-json\/wp\/v2\/product_cat?post=3549"},{"taxonomy":"product_tag","embeddable":true,"href":"https:\/\/wamyra.com\/en\/wp-json\/wp\/v2\/product_tag?post=3549"}],"curies":[{"name":"wp","href":"https:\/\/api.w.org\/{rel}","templated":true}]}}