{"id":3546,"date":"2026-02-22T19:51:49","date_gmt":"2026-02-23T00:51:49","guid":{"rendered":"https:\/\/wamyra.com\/shop\/makroudh-baklawa-kairouannais\/"},"modified":"2026-03-08T20:43:15","modified_gmt":"2026-03-09T01:43:15","slug":"makroudh-baklawa-kairouannais","status":"publish","type":"product","link":"https:\/\/wamyra.com\/en\/shop\/makroudh-baklawa-kairouannais\/","title":{"rendered":"Makroudh Baklawa"},"content":{"rendered":"<p data-start=\"129\" data-end=\"190\"><strong data-start=\"129\" data-end=\"188\">Makroudh Baklawa \u2013 P\u00e2tisserie traditionnelle tunisienne<\/strong><\/p>\n<p data-start=\"192\" data-end=\"640\">Savourez l\u2019authenticit\u00e9 du <strong data-start=\"219\" data-end=\"239\">Makroudh Baklawa<\/strong>, une p\u00e2tisserie tunisienne raffin\u00e9e et embl\u00e9matique, <strong data-start=\"293\" data-end=\"332\">fabriqu\u00e9e artisanalement \u00e0 Kairouan<\/strong>. Pr\u00e9par\u00e9 avec soin, ce d\u00e9lice en <strong data-start=\"366\" data-end=\"377\">losange<\/strong> est r\u00e9alis\u00e9 \u00e0 partir d\u2019une <strong data-start=\"405\" data-end=\"435\">p\u00e2te fine et croustillante<\/strong>, qui enveloppe une <strong data-start=\"455\" data-end=\"541\">farce g\u00e9n\u00e9reuse compos\u00e9e d\u2019amandes, de noisettes, de noix de cajou et de pistaches<\/strong>, offrant un m\u00e9lange unique de saveurs et une texture fondante et l\u00e9g\u00e8rement croquante \u00e0 la fois.<\/p>\n<p data-start=\"642\" data-end=\"964\">Avec son <strong data-start=\"651\" data-end=\"680\">go\u00fbt riche et authentique<\/strong> et sa <strong data-start=\"687\" data-end=\"734\">texture \u00e0 la fois croustillante et fondante<\/strong>, le Makroudh Baklawa transforme chaque pause gourmande en un v\u00e9ritable <strong data-start=\"806\" data-end=\"865\">moment de plaisir \u00e0 partager avec vous et votre famille<\/strong>, parfait pour les <strong data-start=\"884\" data-end=\"906\">f\u00eates, les soir\u00e9es<\/strong>, ou \u00e0 offrir pour <strong data-start=\"925\" data-end=\"961\">ravir et \u00e9merveiller vos proches<\/strong>.<\/p>\n<p data-start=\"642\" data-end=\"964\"><img decoding=\"async\" class=\"alignnone wp-image-3734\" src=\"https:\/\/wamyra.com\/wp-content\/uploads\/2026\/02\/Gemini_Generated_Image_k152x8k152x8k152__1_-removebg-preview-1-460x251.png\" alt=\"\" width=\"157\" height=\"86\" srcset=\"https:\/\/wamyra.com\/wp-content\/uploads\/2026\/02\/Gemini_Generated_Image_k152x8k152x8k152__1_-removebg-preview-1-460x251.png 460w, https:\/\/wamyra.com\/wp-content\/uploads\/2026\/02\/Gemini_Generated_Image_k152x8k152x8k152__1_-removebg-preview-1-18x10.png 18w, https:\/\/wamyra.com\/wp-content\/uploads\/2026\/02\/Gemini_Generated_Image_k152x8k152x8k152__1_-removebg-preview-1-231x126.png 231w, https:\/\/wamyra.com\/wp-content\/uploads\/2026\/02\/Gemini_Generated_Image_k152x8k152x8k152__1_-removebg-preview-1.png 677w\" sizes=\"(max-width: 157px) 100vw, 157px\" \/><img decoding=\"async\" class=\"alignnone wp-image-3734\" src=\"https:\/\/wamyra.com\/wp-content\/uploads\/2026\/02\/Gemini_Generated_Image_k152x8k152x8k152__1_-removebg-preview-1-460x251.png\" alt=\"\" width=\"157\" height=\"86\" srcset=\"https:\/\/wamyra.com\/wp-content\/uploads\/2026\/02\/Gemini_Generated_Image_k152x8k152x8k152__1_-removebg-preview-1-460x251.png 460w, https:\/\/wamyra.com\/wp-content\/uploads\/2026\/02\/Gemini_Generated_Image_k152x8k152x8k152__1_-removebg-preview-1-18x10.png 18w, https:\/\/wamyra.com\/wp-content\/uploads\/2026\/02\/Gemini_Generated_Image_k152x8k152x8k152__1_-removebg-preview-1-231x126.png 231w, https:\/\/wamyra.com\/wp-content\/uploads\/2026\/02\/Gemini_Generated_Image_k152x8k152x8k152__1_-removebg-preview-1.png 677w\" sizes=\"(max-width: 157px) 100vw, 157px\" \/><\/p>\n<p data-start=\"971\" data-end=\"1023\"><strong data-start=\"971\" data-end=\"1021\">Makroudh Baklawa \u2013 Traditional Tunisian Pastry<\/strong><\/p>\n<p data-start=\"1025\" data-end=\"1409\">Experience the authenticity of <strong data-start=\"1056\" data-end=\"1076\">Makroudh Baklawa<\/strong>, a refined and iconic Tunisian pastry, <strong data-start=\"1116\" data-end=\"1154\">traditionally handmade in Kairouan<\/strong>. This diamond-shaped treat is made from a <strong data-start=\"1197\" data-end=\"1219\">thin, crispy dough<\/strong> that encloses a <strong data-start=\"1236\" data-end=\"1303\">generous filling of almonds, hazelnuts, cashews, and pistachios<\/strong>, delivering a unique blend of flavors and a texture that is both melt-in-the-mouth and lightly crunchy.<\/p>\n<p data-start=\"1411\" data-end=\"1686\">With its <strong data-start=\"1420\" data-end=\"1446\">rich, authentic flavor<\/strong> and <strong data-start=\"1451\" data-end=\"1491\">crispy yet melt-in-the-mouth texture<\/strong>, Makroudh Baklawa turns every bite into a delightful moment to enjoy with <strong data-start=\"1566\" data-end=\"1589\">you and your family<\/strong>, perfect for <strong data-start=\"1603\" data-end=\"1639\">celebrations, evening gatherings<\/strong>, or to gift and <strong data-start=\"1656\" data-end=\"1683\">delight your loved ones<\/strong>.<\/p>","protected":false},"excerpt":{"rendered":"<h6><span style=\"color: #008000;\"><strong>Fourr\u00e9 aux amandes, noisettes, noix de cajou et pistaches.<\/strong><\/span><\/h6>\n<h6><span style=\"color: #008000;\"><strong>Filled with almonds, hazelnuts, cashews, and pistachios.<\/strong><\/span><\/h6>","protected":false},"featured_media":3807,"comment_status":"open","ping_status":"closed","template":"","meta":[],"product_brand":[],"product_cat":[174],"product_tag":[],"class_list":{"0":"post-3546","1":"product","2":"type-product","3":"status-publish","4":"has-post-thumbnail","6":"product_cat-saveurs-du-grand-maghreb","8":"first","9":"instock","10":"shipping-taxable","11":"purchasable","12":"product-type-variable"},"_links":{"self":[{"href":"https:\/\/wamyra.com\/en\/wp-json\/wp\/v2\/product\/3546","targetHints":{"allow":["GET"]}}],"collection":[{"href":"https:\/\/wamyra.com\/en\/wp-json\/wp\/v2\/product"}],"about":[{"href":"https:\/\/wamyra.com\/en\/wp-json\/wp\/v2\/types\/product"}],"replies":[{"embeddable":true,"href":"https:\/\/wamyra.com\/en\/wp-json\/wp\/v2\/comments?post=3546"}],"wp:featuredmedia":[{"embeddable":true,"href":"https:\/\/wamyra.com\/en\/wp-json\/wp\/v2\/media\/3807"}],"wp:attachment":[{"href":"https:\/\/wamyra.com\/en\/wp-json\/wp\/v2\/media?parent=3546"}],"wp:term":[{"taxonomy":"product_brand","embeddable":true,"href":"https:\/\/wamyra.com\/en\/wp-json\/wp\/v2\/product_brand?post=3546"},{"taxonomy":"product_cat","embeddable":true,"href":"https:\/\/wamyra.com\/en\/wp-json\/wp\/v2\/product_cat?post=3546"},{"taxonomy":"product_tag","embeddable":true,"href":"https:\/\/wamyra.com\/en\/wp-json\/wp\/v2\/product_tag?post=3546"}],"curies":[{"name":"wp","href":"https:\/\/api.w.org\/{rel}","templated":true}]}}