{"id":3726,"date":"2026-03-08T07:14:18","date_gmt":"2026-03-08T12:14:18","guid":{"rendered":"https:\/\/wamyra.com\/?page_id=3726"},"modified":"2026-03-08T20:16:30","modified_gmt":"2026-03-09T01:16:30","slug":"pas-encore-de-patisseries-dans-cette-categorie","status":"publish","type":"page","link":"https:\/\/wamyra.com\/en\/pas-encore-de-patisseries-dans-cette-categorie\/","title":{"rendered":""},"content":{"rendered":"<div data-elementor-type=\"wp-page\" data-elementor-id=\"3726\" class=\"elementor elementor-3726\">\n\t\t\t\t<div class=\"elementor-element elementor-element-dfb3f7d e-flex e-con-boxed e-con e-parent\" data-id=\"dfb3f7d\" data-element_type=\"container\" data-e-type=\"container\">\n\t\t\t\t\t<div class=\"e-con-inner\">\n\t\t\t\t<div class=\"elementor-element elementor-element-9e3347f elementor-widget elementor-widget-ideapark-countdown\" data-id=\"9e3347f\" data-element_type=\"widget\" data-e-type=\"widget\" data-widget_type=\"ideapark-countdown.default\">\n\t\t\t\t<div class=\"elementor-widget-container\">\n\t\t\t\t\t\t\t<script>\n\t\t\tvar\n\t\t\t\tideapark_countdown_months = 'Months',\n\t\t\t\tideapark_countdown_weeks = 'Weeks',\n\t\t\t\tideapark_countdown_days = 'Days',\n\t\t\t\tideapark_countdown_hours = 'Hours',\n\t\t\t\tideapark_countdown_minutes = 'Mins',\n\t\t\t\tideapark_countdown_seconds = 'Secs';\n\t\t<\/script>\n\t\t<div class=\"c-ip-countdown\">\n\t\t\t<div\n\t\t\t\tclass=\"c-ip-countdown__wrap js-countdown\"\n\t\t\t\tdata-date=\"2026-05-15 12:00\"\n\t\t\t\tdata-month=\"no\"\t\t\t\tdata-week=\"no\"\t\t\t\t>\n\t\t\t<\/div>\n\t\t<\/div>\n\t\t\t\t\t\t<\/div>\n\t\t\t\t<\/div>\n\t\t\t\t\t<\/div>\n\t\t\t\t<\/div>\n\t\t<div class=\"elementor-element elementor-element-aa37129 e-con-full e-flex e-con e-parent\" data-id=\"aa37129\" data-element_type=\"container\" data-e-type=\"container\" data-settings=\"{&quot;background_background&quot;:&quot;classic&quot;}\">\n\t\t\t\t<div class=\"elementor-element elementor-element-59f6f50 elementor-widget elementor-widget-ideapark-heading\" data-id=\"59f6f50\" data-element_type=\"widget\" data-e-type=\"widget\" data-widget_type=\"ideapark-heading.default\">\n\t\t\t\t<div class=\"elementor-widget-container\">\n\t\t\t\t\t<h2 class=\"elementor-heading-title elementor-size-default\">Pas encore de p\u00e2tisseries dans cette cat\u00e9gorie, elle sera bient\u00f4t disponible<\/h2>\t\t\t\t<\/div>\n\t\t\t\t<\/div>\n\t\t\t\t<div class=\"elementor-element elementor-element-919ac07 elementor-widget elementor-widget-ideapark-heading\" data-id=\"919ac07\" data-element_type=\"widget\" data-e-type=\"widget\" data-widget_type=\"ideapark-heading.default\">\n\t\t\t\t<div class=\"elementor-widget-container\">\n\t\t\t\t\t<h2 class=\"elementor-heading-title elementor-size-default\">Chez Wamyra, nous s\u00e9lectionnons soigneusement des p\u00e2tisseries artisanales authentiques provenant d\u2019artisans passionn\u00e9s.<\/h2>\t\t\t\t<\/div>\n\t\t\t\t<\/div>\n\t\t\t\t<div class=\"elementor-element elementor-element-f0342ab elementor-widget elementor-widget-ideapark-heading\" data-id=\"f0342ab\" data-element_type=\"widget\" data-e-type=\"widget\" data-widget_type=\"ideapark-heading.default\">\n\t\t\t\t<div class=\"elementor-widget-container\">\n\t\t\t\t\t<h2 class=\"elementor-heading-title elementor-size-default\">\nNous travaillons actuellement \u00e0 int\u00e9grer les meilleurs artisans de cette culture afin de vous proposer une s\u00e9lection exceptionnelle.<\/h2>\t\t\t\t<\/div>\n\t\t\t\t<\/div>\n\t\t\t\t<\/div>\n\t\t<div class=\"elementor-element elementor-element-52a0255 e-grid e-con-full e-con e-parent\" data-id=\"52a0255\" data-element_type=\"container\" data-e-type=\"container\">\n\t\t\t\t<div class=\"elementor-element elementor-element-3be3252 elementor-align-center elementor-widget__width-initial elementor-widget elementor-widget-button\" data-id=\"3be3252\" data-element_type=\"widget\" data-e-type=\"widget\" data-widget_type=\"button.default\">\n\t\t\t\t\t\t\t\t\t\t<a class=\"elementor-button elementor-button-link elementor-size-sm\" href=\"https:\/\/wamyra.com\/en\/product-category\/delices-du-monde\/saveurs-du-grand-maghreb\/\">\n\t\t\t\t\t\t<span class=\"elementor-button-content-wrapper\">\n\t\t\t\t\t\t\t\t\t<span class=\"elementor-button-text\">Explorer autres cultures<\/span>\n\t\t\t\t\t<\/span>\n\t\t\t\t\t<\/a>\n\t\t\t\t\t\t\t\t<\/div>\n\t\t\t\t<\/div>\n\t\t<div class=\"elementor-element elementor-element-a790e42 e-con-full e-flex e-con e-parent\" data-id=\"a790e42\" data-element_type=\"container\" data-e-type=\"container\" data-settings=\"{&quot;background_background&quot;:&quot;classic&quot;}\">\n\t\t\t\t<div class=\"elementor-element elementor-element-1f09219 elementor-widget elementor-widget-ideapark-heading\" data-id=\"1f09219\" data-element_type=\"widget\" data-e-type=\"widget\" data-widget_type=\"ideapark-heading.default\">\n\t\t\t\t<div class=\"elementor-widget-container\">\n\t\t\t\t\t<h2 class=\"elementor-heading-title elementor-size-default\">No pastries in this category yet. It will be available soon<\/h2>\t\t\t\t<\/div>\n\t\t\t\t<\/div>\n\t\t\t\t<div class=\"elementor-element elementor-element-1c15533 elementor-widget elementor-widget-ideapark-heading\" data-id=\"1c15533\" data-element_type=\"widget\" data-e-type=\"widget\" data-widget_type=\"ideapark-heading.default\">\n\t\t\t\t<div class=\"elementor-widget-container\">\n\t\t\t\t\t<h2 class=\"elementor-heading-title elementor-size-default\">At Wamyra, we carefully select authentic artisanal pastries made by passionate craftsmen.<\/h2>\t\t\t\t<\/div>\n\t\t\t\t<\/div>\n\t\t\t\t<div class=\"elementor-element elementor-element-36bec60 elementor-widget elementor-widget-ideapark-heading\" data-id=\"36bec60\" data-element_type=\"widget\" data-e-type=\"widget\" data-widget_type=\"ideapark-heading.default\">\n\t\t\t\t<div class=\"elementor-widget-container\">\n\t\t\t\t\t<h2 class=\"elementor-heading-title elementor-size-default\">We are currently working to onboard the best artisans from this culture to bring you an exceptional selection.<\/h2>\t\t\t\t<\/div>\n\t\t\t\t<\/div>\n\t\t\t\t<\/div>\n\t\t<div class=\"elementor-element elementor-element-e006a3a e-grid e-con-full e-con e-parent\" data-id=\"e006a3a\" data-element_type=\"container\" data-e-type=\"container\">\n\t\t\t\t<div class=\"elementor-element elementor-element-147fc5b elementor-align-center elementor-widget__width-initial elementor-widget elementor-widget-button\" data-id=\"147fc5b\" data-element_type=\"widget\" data-e-type=\"widget\" data-widget_type=\"button.default\">\n\t\t\t\t\t\t\t\t\t\t<a class=\"elementor-button elementor-button-link elementor-size-sm\" href=\"https:\/\/wamyra.com\/en\/product-category\/delices-du-monde\/saveurs-du-grand-maghreb\/\">\n\t\t\t\t\t\t<span class=\"elementor-button-content-wrapper\">\n\t\t\t\t\t\t\t\t\t<span class=\"elementor-button-text\">Explore other cultures<\/span>\n\t\t\t\t\t<\/span>\n\t\t\t\t\t<\/a>\n\t\t\t\t\t\t\t\t<\/div>\n\t\t\t\t<\/div>\n\t\t\t\t<\/div>","protected":false},"excerpt":{"rendered":"<p>Pas encore de p\u00e2tisseries dans cette cat\u00e9gorie, elle sera bient\u00f4t disponible Chez Wamyra, nous s\u00e9lectionnons soigneusement des p\u00e2tisseries&hellip;<\/p>","protected":false},"author":1,"featured_media":0,"parent":0,"menu_order":0,"comment_status":"closed","ping_status":"closed","template":"","meta":{"footnotes":""},"class_list":["post-3726","page","type-page","status-publish","hentry"],"_links":{"self":[{"href":"https:\/\/wamyra.com\/en\/wp-json\/wp\/v2\/pages\/3726","targetHints":{"allow":["GET"]}}],"collection":[{"href":"https:\/\/wamyra.com\/en\/wp-json\/wp\/v2\/pages"}],"about":[{"href":"https:\/\/wamyra.com\/en\/wp-json\/wp\/v2\/types\/page"}],"author":[{"embeddable":true,"href":"https:\/\/wamyra.com\/en\/wp-json\/wp\/v2\/users\/1"}],"replies":[{"embeddable":true,"href":"https:\/\/wamyra.com\/en\/wp-json\/wp\/v2\/comments?post=3726"}],"version-history":[{"count":19,"href":"https:\/\/wamyra.com\/en\/wp-json\/wp\/v2\/pages\/3726\/revisions"}],"predecessor-version":[{"id":3786,"href":"https:\/\/wamyra.com\/en\/wp-json\/wp\/v2\/pages\/3726\/revisions\/3786"}],"wp:attachment":[{"href":"https:\/\/wamyra.com\/en\/wp-json\/wp\/v2\/media?parent=3726"}],"curies":[{"name":"wp","href":"https:\/\/api.w.org\/{rel}","templated":true}]}}